{"id":885,"date":"2017-08-30T20:22:35","date_gmt":"2017-08-30T23:22:35","guid":{"rendered":"https:\/\/www.federicooliva.com.ar\/demoinmobiliario\/?page_id=885"},"modified":"2018-02-24T14:53:12","modified_gmt":"2018-02-24T17:53:12","slug":"presentacion","status":"publish","type":"page","link":"https:\/\/www.federicooliva.com.ar\/demoinmobiliario\/presentacion\/","title":{"rendered":"Presentaci\u00f3n"},"content":{"rendered":"<p><img decoding=\"async\" loading=\"lazy\" class=\" wp-image-891 alignright\" src=\"https:\/\/www.federicooliva.com.ar\/demoinmobiliario\/wp-content\/uploads\/2017\/08\/foto44-300x171.png\" alt=\"\" width=\"363\" height=\"207\" srcset=\"https:\/\/www.federicooliva.com.ar\/demoinmobiliario\/wp-content\/uploads\/2017\/08\/foto44-300x171.png 300w, https:\/\/www.federicooliva.com.ar\/demoinmobiliario\/wp-content\/uploads\/2017\/08\/foto44-150x86.png 150w, https:\/\/www.federicooliva.com.ar\/demoinmobiliario\/wp-content\/uploads\/2017\/08\/foto44.png 384w\" sizes=\"(max-width: 363px) 100vw, 363px\" \/><\/p>\n<p>&nbsp;<\/p>\n<h2><strong>Sr. Martillero<\/strong><\/h2>\n<p>Tenga su p\u00e1gina WEB adaptada a las necesidades de una inmobiliaria.<\/p>\n<p>Una Web Profesional auto-administrable donde Ud podr\u00e1 administrar sus propiedades (Dar de Altas, Bajas o Modificaciones) sin tener la necesidad de depender de un Webmaster.<\/p>\n<p>Adem\u00e1s no solo estar\u00eda al nivel de sus competidores, tambi\u00e9n le brindar\u00e1 al futuro cliente la comodidad de filtros de b\u00fasqueda como precios, ubicaci\u00f3n, comodidades etc.. con galer\u00eda de im\u00e1genes y videos de cada propiedad de una forma atractiva y c\u00f3moda de visualizar.<\/p>\n<p>La web posee distintas plantillas de dise\u00f1o, tambi\u00e9n ofrece solapa para a\u00f1adir a favoritos para que el cliente tenga una selecci\u00f3n de propiedades m\u00e1s personalizada.<\/p>\n<p><img decoding=\"async\" loading=\"lazy\" class=\" wp-image-893 alignleft\" src=\"https:\/\/www.federicooliva.com.ar\/demoinmobiliario\/wp-content\/uploads\/2017\/08\/realstate-300x204.png\" alt=\"\" width=\"298\" height=\"203\" srcset=\"https:\/\/www.federicooliva.com.ar\/demoinmobiliario\/wp-content\/uploads\/2017\/08\/realstate-300x204.png 300w, https:\/\/www.federicooliva.com.ar\/demoinmobiliario\/wp-content\/uploads\/2017\/08\/realstate-768x522.png 768w, https:\/\/www.federicooliva.com.ar\/demoinmobiliario\/wp-content\/uploads\/2017\/08\/realstate-150x102.png 150w, https:\/\/www.federicooliva.com.ar\/demoinmobiliario\/wp-content\/uploads\/2017\/08\/realstate.png 960w\" sizes=\"(max-width: 298px) 100vw, 298px\" \/><\/p>\n<p>Cada detalle de propiedades, tiene su galer\u00eda de fotos y videos propia con lugar del detalle para planos por cada planta si fuera necesario, un formulario de contacto para consultas personalizada por cada propiedad y un mapa con la ubicaci\u00f3n se\u00f1alizada en GoogleMaps.<\/p>\n<p>Tiene como \u00a0opci\u00f3n de pasar la propiedad o propiedades seleccionadas en el banner de inicio como una publicidad, eligiendo una imagen a gusto por cada propiedad que desee destacar, as\u00ed como tambi\u00e9n se pueden destacar las propiedades en banner en las solapas de cada p\u00e1gina, incluida la de inicio.<\/p>\n<p>Mientras uno elige una propiedad da la opci\u00f3n al cliente como banner en el pie de p\u00e1gina, de propiedades similares que le pueden llegar a interesar e iconos delicados que sugieren otras propiedades.<\/p>\n<p>Esta web no tiene gastos mensuales, ni mantenimiento alguno, solo el costo por \u00fanica vez cuando est\u00e9 instalado, funcionando y satisfecho en el 100% de su funcionamiento.<\/p>\n<p>Quedo a disposici\u00f3n para cualquier consulta.<\/p>\n<h3><span style=\"font-size: 16px; color: #000000;\">Federico Oliva<\/span><\/h3>\n<p><strong>Tel\u00e9fono :\u00a0<span class=\"desktop-version\">+54 011 5825 2883<br \/>\n<\/span><\/strong><strong>E-mail :\u00a0<a href=\"mailto:info@federicooliva.com.ar\">info@federicooliva.com.ar<\/a><\/strong><\/p>\n<p><a href=\"https:\/\/www.federicooliva.com.ar\/demoinmobiliario\/contacto\/\"><strong>Formulario de <\/strong><strong>contacto<\/strong><\/a><\/p>\n<p>&nbsp;<\/p>\n<p>&nbsp;<\/p>\n","protected":false},"excerpt":{"rendered":"<p>&nbsp; Sr. Martillero Tenga su p\u00e1gina WEB adaptada a las necesidades de una inmobiliaria. Una Web Profesional auto-administrable donde Ud podr\u00e1 administrar sus propiedades (Dar de Altas, Bajas o Modificaciones) sin tener la necesidad de depender de un Webmaster. Adem\u00e1s no solo estar\u00eda al nivel de sus competidores, tambi\u00e9n le brindar\u00e1 al futuro cliente la [&hellip;]<\/p>\n","protected":false},"author":1,"featured_media":0,"parent":0,"menu_order":0,"comment_status":"closed","ping_status":"closed","template":"","meta":{"footnotes":""},"_links":{"self":[{"href":"https:\/\/www.federicooliva.com.ar\/demoinmobiliario\/wp-json\/wp\/v2\/pages\/885"}],"collection":[{"href":"https:\/\/www.federicooliva.com.ar\/demoinmobiliario\/wp-json\/wp\/v2\/pages"}],"about":[{"href":"https:\/\/www.federicooliva.com.ar\/demoinmobiliario\/wp-json\/wp\/v2\/types\/page"}],"author":[{"embeddable":true,"href":"https:\/\/www.federicooliva.com.ar\/demoinmobiliario\/wp-json\/wp\/v2\/users\/1"}],"replies":[{"embeddable":true,"href":"https:\/\/www.federicooliva.com.ar\/demoinmobiliario\/wp-json\/wp\/v2\/comments?post=885"}],"version-history":[{"count":28,"href":"https:\/\/www.federicooliva.com.ar\/demoinmobiliario\/wp-json\/wp\/v2\/pages\/885\/revisions"}],"predecessor-version":[{"id":1073,"href":"https:\/\/www.federicooliva.com.ar\/demoinmobiliario\/wp-json\/wp\/v2\/pages\/885\/revisions\/1073"}],"wp:attachment":[{"href":"https:\/\/www.federicooliva.com.ar\/demoinmobiliario\/wp-json\/wp\/v2\/media?parent=885"}],"curies":[{"name":"wp","href":"https:\/\/api.w.org\/{rel}","templated":true}]}}